{"id":29155,"date":"2023-05-15T09:49:41","date_gmt":"2023-05-15T07:49:41","guid":{"rendered":"https:\/\/dev.silicon-saxony.de\/next\/"},"modified":"2024-01-25T11:55:25","modified_gmt":"2024-01-25T10:55:25","slug":"next","status":"publish","type":"page","link":"https:\/\/dev.silicon-saxony.de\/en\/news\/next\/","title":{"rendered":"NEXT"},"content":{"rendered":"<section class=\"l-section wpb_row height_auto width_full with_img\"><div class=\"l-section-img\" role=\"img\" data-img-width=\"1920\" data-img-height=\"490\" style=\"background-image: url(https:\/\/dev.silicon-saxony.de\/wp-content\/uploads\/2023\/04\/Header_NEXT-1.jpg);background-position: bottom center;background-repeat: no-repeat;\"><\/div><div class=\"l-section-h i-cf\"><div class=\"g-cols vc_row via_grid cols_1 laptops-cols_inherit tablets-cols_inherit mobiles-cols_1 valign_top type_default stacking_default\"><div class=\"wpb_column vc_column_container\"><div class=\"vc_column-inner\"><div class=\"w-separator size_custom\" style=\"height:440px\"><\/div><\/div><\/div><\/div><\/div><\/section><section class=\"l-section wpb_row height_medium\"><div class=\"l-section-h i-cf\"><div class=\"g-cols vc_row via_grid cols_1 laptops-cols_inherit tablets-cols_inherit mobiles-cols_1 valign_top type_default stacking_default\"><div class=\"wpb_column vc_column_container\"><div class=\"vc_column-inner\"><nav class=\"g-breadcrumbs separator_custom align_none\" itemscope itemtype=\"http:\/\/schema.org\/BreadcrumbList\"><div class=\"g-breadcrumbs-item\" itemscope itemprop=\"itemListElement\" itemtype=\"http:\/\/schema.org\/ListItem\"><a itemprop=\"item\" href=\"https:\/\/dev.silicon-saxony.de\/en\/\"><span itemprop=\"name\">Home<\/span><\/a><meta itemprop=\"position\" content=\"1\"\/><\/div><div class=\"g-breadcrumbs-separator\">|<\/div><div class=\"g-breadcrumbs-item\">Pages<\/div><\/nav><div class=\"wpb_text_column text-center\"><div class=\"wpb_wrapper\"><h1>Silicon Saxony Magazine NEXT<\/h1>\n<\/div><\/div><div class=\"wpb_text_column text-center\"><div class=\"wpb_wrapper\"><p style=\"text-align: left;\">The present and future are digital &#8211; and we live in the middle of it! In our technology magazine NEXT, you can find out all about the latest developments in microelectronics, skilled workers, software and smart systems. We show you how rapidly the world is developing in the technology sector and how exciting it might look tomorrow. Join us to discover innovations, tech players, gimmicks and much more to marvel at!<\/p>\n<\/div><\/div><div class=\"wpb_text_column text-center expandable\"><div class=\"wpb_wrapper\"><p style=\"text-align: left;\">NEXT is a monothematic and hybrid trade magazine. Get a quick overview into a specific topic area via the 20-page teaser booklet. Immerse yourself in thoroughly researched online articles. With plenty of free space for the eye you go on a discovery tour. Cards, graphics, numbers, statements, faces and numerous pictures provide variety and the best entertainment. And of course the whole thing in German and English.<\/p>\n<\/div><\/div><div class=\"w-btn-wrapper align_center\"><button class=\"w-btn us-btn-style_5 read-more-btn icon_atright\"><span class=\"w-btn-label\">read more<\/span><i class=\"fas fa-angle-down\"><\/i><\/button><\/div><\/div><\/div><\/div><\/div><\/section><section class=\"l-section wpb_row height_medium\"><div class=\"l-section-h i-cf\"><div class=\"g-cols vc_row via_grid cols_2 laptops-cols_inherit tablets-cols_inherit mobiles-cols_1 valign_top type_default stacking_default\"><div class=\"wpb_column vc_column_container stretched\"><div class=\"vc_column-inner\"><div class=\"w-image special-image align_none\"><div class=\"w-image-h\"><img decoding=\"async\" width=\"1000\" height=\"423\" src=\"https:\/\/dev.silicon-saxony.de\/wp-content\/uploads\/2023\/03\/Fachbereich-Mikroelektronik.jpg\" class=\"attachment-large size-large\" alt=\"Detailaufnahme eines Mikrochips\" loading=\"lazy\" srcset=\"https:\/\/dev.silicon-saxony.de\/wp-content\/uploads\/2023\/03\/Fachbereich-Mikroelektronik.jpg 1000w, https:\/\/dev.silicon-saxony.de\/wp-content\/uploads\/2023\/03\/Fachbereich-Mikroelektronik-300x127.jpg 300w, https:\/\/dev.silicon-saxony.de\/wp-content\/uploads\/2023\/03\/Fachbereich-Mikroelektronik-200x85.jpg 200w\" sizes=\"auto, (max-width: 1000px) 100vw, 1000px\" \/><\/div><\/div><\/div><\/div><div class=\"wpb_column vc_column_container\"><div class=\"vc_column-inner\"><div class=\"wpb_text_column\"><div class=\"wpb_wrapper\"><p>Microelectronics<\/p>\n<\/div><\/div><div class=\"wpb_text_column\"><div class=\"wpb_wrapper\"><h2>NEXT 02\/2023: Microelectronics<\/h2>\n<\/div><\/div><div class=\"wpb_text_column\"><div class=\"wpb_wrapper\"><p>European microelectronics is booming, thanks in part to the European Chips Act, which came into force on September 21, 2023. But what does microelectronics actually mean? Why is Europe pushing for more sovereignty? How is Germany currently positioned as a semiconductor location? Why is Saxony booming and what role do European and international collaborations play in this? Our magazine offers you a compact overview and, if you are interested, directs you to further online articles.<\/p>\n<\/div><\/div><div class=\"g-cols wpb_row inner-column-margin via_grid cols_3 laptops-cols_inherit tablets-cols_inherit mobiles-cols_1 valign_middle type_default stacking_default\" style=\"--columns-gap:1rem;\"><div class=\"wpb_column vc_column_container\"><div class=\"vc_column-inner\"><div class=\"w-btn-wrapper align_justify\"><a class=\"w-btn us-btn-style_5\" title=\"NEXT Microelectronics\" href=\"https:\/\/silicon-saxony.de\/en\/next\/next-microelectronics\/\"><span class=\"w-btn-label\">To the contents<\/span><\/a><\/div><\/div><\/div><div class=\"wpb_column vc_column_container\"><div class=\"vc_column-inner\"><div class=\"w-btn-wrapper align_left\"><a class=\"w-btn us-btn-style_5\" target=\"_blank\" rel=\"nofollow\" href=\"https:\/\/silicon-saxony.de\/wp-content\/uploads\/2023\/11\/NEXT_2023_Microelectronics_SiliconSaxony_Link.pdf\"><span class=\"w-btn-label\">Download PDF<\/span><\/a><\/div><\/div><\/div><div class=\"wpb_column vc_column_container\"><div class=\"vc_column-inner\"><\/div><\/div><\/div><\/div><\/div><\/div><\/div><\/section><section class=\"l-section wpb_row height_medium\"><div class=\"l-section-h i-cf\"><div class=\"g-cols vc_row via_grid cols_2 laptops-cols_inherit tablets-cols_inherit mobiles-cols_1 valign_top type_default reversed stacking_default\"><div class=\"wpb_column vc_column_container\"><div class=\"vc_column-inner\"><div class=\"wpb_text_column\"><div class=\"wpb_wrapper\"><p>Smart Systems<\/p>\n<\/div><\/div><div class=\"wpb_text_column\"><div class=\"wpb_wrapper\"><h2>NEXT 01\/2023: Smart Systems<\/h2>\n<\/div><\/div><div class=\"wpb_text_column\"><div class=\"wpb_wrapper\"><p><span class=\"ui-provider hb b c d e f g h i j k l m n o p q r s t u v w x y z ab ac ae af ag ah ai aj ak\" dir=\"ltr\">NEXT on the topic of &#8220;Smart Systems&#8221; provides a well-founded, varied and exciting insight into relevant topics of the smart world &#8211; from the question of what makes a system &#8220;smart&#8221; in the first place, to European players, to &#8220;deep dives&#8221; into the areas of Smart Factory, Smart Building, Smart Logistics and Smart Mobility. We also cover various technology focal points from hardware, software and connectivity, as well as cross-cutting topics such as sustainability, energy efficiency and how AI will change the smart world. <\/span><\/p>\n<\/div><\/div><div class=\"g-cols wpb_row inner-column-margin via_grid cols_3 laptops-cols_inherit tablets-cols_inherit mobiles-cols_1 valign_middle type_default stacking_default\" style=\"--columns-gap:1rem;\"><div class=\"wpb_column vc_column_container\"><div class=\"vc_column-inner\"><div class=\"w-btn-wrapper align_justify\"><a class=\"w-btn us-btn-style_5\" title=\"NEXT Smart Systems\" href=\"https:\/\/silicon-saxony.de\/en\/next\/next-smart-systems\/\"><span class=\"w-btn-label\">To the contents<\/span><\/a><\/div><\/div><\/div><div class=\"wpb_column vc_column_container\"><div class=\"vc_column-inner\"><div class=\"w-btn-wrapper align_left\"><a class=\"w-btn us-btn-style_5\" target=\"_blank\" href=\"https:\/\/silicon-saxony.de\/wp-content\/uploads\/2023\/06\/silsax-ev_2023_next_01_148x210_deu_web_high_doppel.pdf\"><span class=\"w-btn-label\">Download PDF<\/span><\/a><\/div><\/div><\/div><div class=\"wpb_column vc_column_container\"><div class=\"vc_column-inner\"><\/div><\/div><\/div><\/div><\/div><div class=\"wpb_column vc_column_container stretched\"><div class=\"vc_column-inner\"><div class=\"w-image special-image-right align_none\"><div class=\"w-image-h\"><img decoding=\"async\" width=\"1000\" height=\"423\" src=\"https:\/\/dev.silicon-saxony.de\/wp-content\/uploads\/2023\/06\/NEXT_Smart-Systems_rechts.jpg\" class=\"attachment-large size-large\" alt=\"Junge Frau steht vor einem Hologramm mit Weltkugel sowie verschiedenen Diagrammen und bedient es mit ihren Fingern\" loading=\"lazy\" srcset=\"https:\/\/dev.silicon-saxony.de\/wp-content\/uploads\/2023\/06\/NEXT_Smart-Systems_rechts.jpg 1000w, https:\/\/dev.silicon-saxony.de\/wp-content\/uploads\/2023\/06\/NEXT_Smart-Systems_rechts-300x127.jpg 300w, https:\/\/dev.silicon-saxony.de\/wp-content\/uploads\/2023\/06\/NEXT_Smart-Systems_rechts-200x85.jpg 200w\" sizes=\"auto, (max-width: 1000px) 100vw, 1000px\" \/><\/div><\/div><\/div><\/div><\/div><\/div><\/section><section class=\"l-section wpb_row height_medium\"><div class=\"l-section-h i-cf\"><div class=\"g-cols vc_row via_grid cols_2 laptops-cols_inherit tablets-cols_inherit mobiles-cols_1 valign_top type_default stacking_default\"><div class=\"wpb_column vc_column_container stretched\"><div class=\"vc_column-inner\"><div class=\"w-image special-image align_none\"><div class=\"w-image-h\"><img decoding=\"async\" width=\"1000\" height=\"423\" src=\"https:\/\/dev.silicon-saxony.de\/wp-content\/uploads\/2023\/06\/NEXT-ME.jpg\" class=\"attachment-large size-large\" alt=\"\" loading=\"lazy\" srcset=\"https:\/\/dev.silicon-saxony.de\/wp-content\/uploads\/2023\/06\/NEXT-ME.jpg 1000w, https:\/\/dev.silicon-saxony.de\/wp-content\/uploads\/2023\/06\/NEXT-ME-300x127.jpg 300w, https:\/\/dev.silicon-saxony.de\/wp-content\/uploads\/2023\/06\/NEXT-ME-200x85.jpg 200w, https:\/\/dev.silicon-saxony.de\/wp-content\/uploads\/2023\/06\/NEXT-ME-25x11.jpg 25w\" sizes=\"auto, (max-width: 1000px) 100vw, 1000px\" \/><\/div><\/div><\/div><\/div><div class=\"wpb_column vc_column_container\"><div class=\"vc_column-inner\"><div class=\"wpb_text_column\"><div class=\"wpb_wrapper\"><p>Microelectronics<\/p>\n<\/div><\/div><div class=\"wpb_text_column\"><div class=\"wpb_wrapper\"><h2>NEXT 02\/2022: Microelectronics<\/h2>\n<\/div><\/div><div class=\"wpb_text_column\"><div class=\"wpb_wrapper\"><p>Production stoppages, delivery difficulties, price increases &#8211; the semiconductor shortage made the importance of the microelectronics industry clear. Saxony is also continuing to work on ending the shortage &#8211; with excellent research, new materials, pioneering technologies and fully automated factories.<\/p>\n<p>Our magazine provides an overview of all relevant topics relating to microelectronics. It also offers the opportunity to obtain in-depth information online. You can look forward to exciting details on chip production, areas of application, future-proof jobs and the immensely important promotion of the industry. You will be amazed at the importance of microelectronics in your life.<\/p>\n<p>This first version of NEXT &#8220;In Focus: Microelectronics&#8221; was completely revised in November 2023.<\/p>\n<\/div><\/div><div class=\"g-cols wpb_row inner-column-margin via_grid cols_3 laptops-cols_inherit tablets-cols_inherit mobiles-cols_1 valign_middle type_default stacking_default\" style=\"--columns-gap:1rem;\"><div class=\"wpb_column vc_column_container\"><div class=\"vc_column-inner\"><div class=\"w-btn-wrapper align_justify\"><a class=\"w-btn us-btn-style_5\" title=\"NEXT Microelectronics\" href=\"https:\/\/silicon-saxony.de\/en\/next\/next-microelectronics\/\"><span class=\"w-btn-label\">To the contents<\/span><\/a><\/div><\/div><\/div><div class=\"wpb_column vc_column_container\"><div class=\"vc_column-inner\"><div class=\"w-btn-wrapper align_left\"><a class=\"w-btn us-btn-style_5\" target=\"_blank\" rel=\"nofollow\" href=\"https:\/\/silicon-saxony.de\/wp-content\/uploads\/2024\/01\/silicon-saxony_2022_next_ENG_web_23.pdf\"><span class=\"w-btn-label\">Download PDF<\/span><\/a><\/div><\/div><\/div><div class=\"wpb_column vc_column_container\"><div class=\"vc_column-inner\"><\/div><\/div><\/div><\/div><\/div><\/div><\/div><\/section><section class=\"l-section wpb_row height_medium\"><div class=\"l-section-h i-cf\"><div class=\"g-cols vc_row via_grid cols_2 laptops-cols_inherit tablets-cols_inherit mobiles-cols_1 valign_top type_default reversed stacking_default\"><div class=\"wpb_column vc_column_container\"><div class=\"vc_column-inner\"><div class=\"wpb_text_column\"><div class=\"wpb_wrapper\"><p>Professionals<\/p>\n<\/div><\/div><div class=\"wpb_text_column\"><div class=\"wpb_wrapper\"><h2>NEXT 01\/2022: Professionals<\/h2>\n<\/div><\/div><div class=\"wpb_text_column\"><div class=\"wpb_wrapper\"><p>With NEXT on the subject of skilled workers, we are addressing the central and major challenge facing our industries: the increasing shortage of skilled workers. Find out about exciting solutions, recruiting formats, the enthusiasm of generations &#8220;Z&#8221; as well as &#8220;Alpha&#8221; and much more. Together with you, we are already committed to those who will shape our ever-changing working world tomorrow.<\/p>\n<\/div><\/div><div class=\"g-cols wpb_row inner-column-margin via_grid cols_3 laptops-cols_inherit tablets-cols_inherit mobiles-cols_1 valign_middle type_default stacking_default\" style=\"--columns-gap:1rem;\"><div class=\"wpb_column vc_column_container\"><div class=\"vc_column-inner\"><div class=\"w-btn-wrapper align_left\"><a class=\"w-btn us-btn-style_5\" href=\"https:\/\/silicon-saxony.de\/en\/next\/next-professionals\/\"><span class=\"w-btn-label\">To the contents<\/span><\/a><\/div><\/div><\/div><div class=\"wpb_column vc_column_container\"><div class=\"vc_column-inner\"><div class=\"w-btn-wrapper align_left\"><a class=\"w-btn us-btn-style_5\" target=\"_blank\" href=\"\/wp-content\/uploads\/2023\/06\/SiliconSaxony_NEXT_Fachkraefte_01-22.pdf\"><span class=\"w-btn-label\">Download PDF<\/span><\/a><\/div><\/div><\/div><div class=\"wpb_column vc_column_container\"><div class=\"vc_column-inner\"><\/div><\/div><\/div><\/div><\/div><div class=\"wpb_column vc_column_container stretched\"><div class=\"vc_column-inner\"><div class=\"w-image special-image-right align_none\"><div class=\"w-image-h\"><img decoding=\"async\" width=\"1000\" height=\"423\" src=\"https:\/\/dev.silicon-saxony.de\/wp-content\/uploads\/2023\/05\/NEXT_Fachkraefte_rechts-1.png\" class=\"attachment-large size-large\" alt=\"Junge Menschen posieren vor einem Handy mit VR-Brillen auf dem Kopf\" loading=\"lazy\" srcset=\"https:\/\/dev.silicon-saxony.de\/wp-content\/uploads\/2023\/05\/NEXT_Fachkraefte_rechts-1.png 1000w, https:\/\/dev.silicon-saxony.de\/wp-content\/uploads\/2023\/05\/NEXT_Fachkraefte_rechts-1-300x127.png 300w, https:\/\/dev.silicon-saxony.de\/wp-content\/uploads\/2023\/05\/NEXT_Fachkraefte_rechts-1-200x85.png 200w\" sizes=\"auto, (max-width: 1000px) 100vw, 1000px\" \/><\/div><\/div><\/div><\/div><\/div><\/div><\/section><section class=\"l-section wpb_row height_medium\"><div class=\"l-section-h i-cf\"><div class=\"g-cols vc_row via_grid cols_1 laptops-cols_inherit tablets-cols_inherit mobiles-cols_1 valign_top type_default stacking_default\"><div class=\"wpb_column vc_column_container stretched\"><div class=\"vc_column-inner\"><div class=\"w-iconbox bg-red color-white p-3rem iconpos_right style_default color_primary align_center no_text\"><div class=\"w-iconbox-meta\"><p class=\"w-iconbox-title\" style=\"font-size:2rem;\"><a title=\"Order form\" target=\"_blank\" href=\"https:\/\/forms.office.com\/Pages\/ResponsePage.aspx?id=d-gwagq3jUSaN1e_8p24zxGhjsh082FIsDfEYUCSjOJUQkRGWUsxOUZWRkg3S1ZaOEhONVVGVFNSMS4u\" class=\"w-iconbox-link\" aria-label=\"Order free NEXT copies\">Order free NEXT copies<\/a><\/p><\/div><a title=\"Order form\" target=\"_blank\" href=\"https:\/\/forms.office.com\/Pages\/ResponsePage.aspx?id=d-gwagq3jUSaN1e_8p24zxGhjsh082FIsDfEYUCSjOJUQkRGWUsxOUZWRkg3S1ZaOEhONVVGVFNSMS4u\" class=\"w-iconbox-link\" aria-label=\"Order free NEXT copies\"><div class=\"w-iconbox-icon\" style=\"font-size:1.5rem;\"><i class=\"far fa-arrow-right\"><\/i><\/div><\/a><\/div><\/div><\/div><\/div><\/div><\/section><section class=\"l-section wpb_row height_medium\"><div class=\"l-section-h i-cf\"><div class=\"g-cols vc_row via_grid cols_2 laptops-cols_inherit tablets-cols_inherit mobiles-cols_1 valign_top type_default stacking_default\" style=\"--columns-gap:0rem;\"><div class=\"wpb_column vc_column_container us_custom_92d565f4 has_text_color has_bg_color\"><div class=\"vc_column-inner\"><h3 class=\"w-text\"><span class=\"w-text-h\"><span class=\"w-text-value\">Your contact person<\/span><\/span><\/h3><div class=\"w-image style_circle align_none\"><div class=\"w-image-h\"><img decoding=\"async\" width=\"200\" height=\"200\" src=\"https:\/\/dev.silicon-saxony.de\/wp-content\/uploads\/2022\/10\/AP_Team_Julia_Nitzschner.png\" class=\"attachment-us_200_200 size-us_200_200\" alt=\"Bild der Mitarbeiterin\" loading=\"lazy\" srcset=\"https:\/\/dev.silicon-saxony.de\/wp-content\/uploads\/2022\/10\/AP_Team_Julia_Nitzschner.png 300w, https:\/\/dev.silicon-saxony.de\/wp-content\/uploads\/2022\/10\/AP_Team_Julia_Nitzschner-150x150.png 150w, https:\/\/dev.silicon-saxony.de\/wp-content\/uploads\/2022\/10\/AP_Team_Julia_Nitzschner-45x45.png 45w\" sizes=\"auto, (max-width: 200px) 100vw, 200px\" \/><\/div><\/div><div class=\"wpb_text_column color-white m-t-2rem\"><div class=\"wpb_wrapper\"><p><strong>Julia Nitzschner<br \/>\n<\/strong><a href=\"tel:+49 351 8973-3865\">+49 351 8973-3865<\/a><strong><br \/>\n<\/strong><a class=\"mail\" title=\"Opens window for sending email\" href=\"mailto:julia.nitzschner@silicon-saxony.de\">julia.nitzschner@silicon-saxony.de<\/a><\/p>\n<\/div><\/div>\n<\/div><\/div><div class=\"wpb_column vc_column_container us_custom_057801f8 has_bg_color\"><div class=\"vc_column-inner\"><h3 class=\"w-text\"><span class=\"w-text-h\"><span class=\"w-text-value\">Upcoming issues<\/span><\/span><\/h3><div class=\"wpb_text_column\"><div class=\"wpb_wrapper\"><p>Aufruf zur inhaltlichen Beteiligung oder der M\u00f6glichkeit, Anzeigen zu schalten sowie Nennung der kommenden Themen:<\/p>\n<p><strong>Juni 2024: Software<\/strong><\/p>\n<p>Software ist allgegenw\u00e4rtig und doch f\u00fcr viele nur schwer greifbar. Wie funktioniert sie? Was erm\u00f6glicht sie uns? Was wird in Sachsen, Deutschland und der Welt in diesem Bereich entwickelt? Wie ver\u00e4ndern das Quantencomputing, K\u00fcnstliche Intelligenz und Co. die klassischen Programmierarbeiten? Wir schauen mit Ihnen in eine spannende Branche.<\/p>\n<\/div><\/div><div class=\"w-btn-wrapper align_left\"><a class=\"w-btn us-btn-style_5\" target=\"_blank\" href=\"https:\/\/bit.ly\/43LAweD\"><span class=\"w-btn-label\">NEXT advertising opportunities<\/span><\/a><\/div><\/div><\/div><\/div><\/div><\/section>\n","protected":false},"excerpt":{"rendered":"Home|PagesSilicon Saxony Magazine NEXT The present and future are digital &#8211; and we live in the middle of it! In our technology magazine NEXT, you can find out all about the latest developments in microelectronics, skilled workers, software and smart systems. We show you how rapidly the world is developing in the technology sector and...","protected":false},"author":7,"featured_media":0,"parent":10114,"menu_order":0,"comment_status":"closed","ping_status":"closed","template":"","meta":{"_acf_changed":false,"inline_featured_image":false,"footnotes":"","_links_to":"","_links_to_target":""},"class_list":["post-29155","page","type-page","status-publish","hentry"],"acf":[],"yoast_head":"<!-- This site is optimized with the Yoast SEO plugin v26.6 - https:\/\/yoast.com\/wordpress\/plugins\/seo\/ -->\n<title>NEXT - Silicon Saxony<\/title>\n<meta name=\"description\" content=\"Silicon Saxony&#039;s monothematic and hybrid trade magazine NEXT offers insight into the technological topics of today and tomorrow.\" \/>\n<meta name=\"robots\" content=\"noindex, follow, max-snippet:-1, max-image-preview:large, max-video-preview:-1\" \/>\n<meta property=\"og:locale\" content=\"en_US\" \/>\n<meta property=\"og:type\" content=\"article\" \/>\n<meta property=\"og:title\" content=\"NEXT - Silicon Saxony\" \/>\n<meta property=\"og:description\" content=\"Silicon Saxony&#039;s monothematic and hybrid trade magazine NEXT offers insight into the technological topics of today and tomorrow.\" \/>\n<meta property=\"og:url\" content=\"https:\/\/dev.silicon-saxony.de\/en\/news\/next\/\" \/>\n<meta property=\"og:site_name\" content=\"Silicon Saxony\" \/>\n<meta property=\"article:modified_time\" content=\"2024-01-25T10:55:25+00:00\" \/>\n<meta name=\"twitter:card\" content=\"summary_large_image\" \/>\n<meta name=\"twitter:label1\" content=\"Est. reading time\" \/>\n\t<meta name=\"twitter:data1\" content=\"7 minutes\" \/>\n<script type=\"application\/ld+json\" class=\"yoast-schema-graph\">{\"@context\":\"https:\/\/schema.org\",\"@graph\":[{\"@type\":\"WebPage\",\"@id\":\"https:\/\/dev.silicon-saxony.de\/en\/news\/next\/\",\"url\":\"https:\/\/dev.silicon-saxony.de\/en\/news\/next\/\",\"name\":\"NEXT - Silicon Saxony\",\"isPartOf\":{\"@id\":\"https:\/\/dev.silicon-saxony.de\/en\/#website\"},\"datePublished\":\"2023-05-15T07:49:41+00:00\",\"dateModified\":\"2024-01-25T10:55:25+00:00\",\"description\":\"Silicon Saxony's monothematic and hybrid trade magazine NEXT offers insight into the technological topics of today and tomorrow.\",\"breadcrumb\":{\"@id\":\"https:\/\/dev.silicon-saxony.de\/en\/news\/next\/#breadcrumb\"},\"inLanguage\":\"en-US\",\"potentialAction\":[{\"@type\":\"ReadAction\",\"target\":[\"https:\/\/dev.silicon-saxony.de\/en\/news\/next\/\"]}]},{\"@type\":\"BreadcrumbList\",\"@id\":\"https:\/\/dev.silicon-saxony.de\/en\/news\/next\/#breadcrumb\",\"itemListElement\":[{\"@type\":\"ListItem\",\"position\":1,\"name\":\"Home\",\"item\":\"https:\/\/dev.silicon-saxony.de\/en\/\"},{\"@type\":\"ListItem\",\"position\":2,\"name\":\"News\",\"item\":\"https:\/\/dev.silicon-saxony.de\/en\/aktuelles\/\"},{\"@type\":\"ListItem\",\"position\":3,\"name\":\"NEXT\"}]},{\"@type\":\"WebSite\",\"@id\":\"https:\/\/dev.silicon-saxony.de\/en\/#website\",\"url\":\"https:\/\/dev.silicon-saxony.de\/en\/\",\"name\":\"Silicon Saxony\",\"description\":\"Germany&#039;s Hightech Network - Semiconductors, Software, Robotics\",\"potentialAction\":[{\"@type\":\"SearchAction\",\"target\":{\"@type\":\"EntryPoint\",\"urlTemplate\":\"https:\/\/dev.silicon-saxony.de\/en\/?s={search_term_string}\"},\"query-input\":{\"@type\":\"PropertyValueSpecification\",\"valueRequired\":true,\"valueName\":\"search_term_string\"}}],\"inLanguage\":\"en-US\"}]}<\/script>\n<!-- \/ Yoast SEO plugin. -->","yoast_head_json":{"title":"NEXT - Silicon Saxony","description":"Silicon Saxony's monothematic and hybrid trade magazine NEXT offers insight into the technological topics of today and tomorrow.","robots":{"index":"noindex","follow":"follow","max-snippet":"max-snippet:-1","max-image-preview":"max-image-preview:large","max-video-preview":"max-video-preview:-1"},"og_locale":"en_US","og_type":"article","og_title":"NEXT - Silicon Saxony","og_description":"Silicon Saxony's monothematic and hybrid trade magazine NEXT offers insight into the technological topics of today and tomorrow.","og_url":"https:\/\/dev.silicon-saxony.de\/en\/news\/next\/","og_site_name":"Silicon Saxony","article_modified_time":"2024-01-25T10:55:25+00:00","twitter_card":"summary_large_image","twitter_misc":{"Est. reading time":"7 minutes"},"schema":{"@context":"https:\/\/schema.org","@graph":[{"@type":"WebPage","@id":"https:\/\/dev.silicon-saxony.de\/en\/news\/next\/","url":"https:\/\/dev.silicon-saxony.de\/en\/news\/next\/","name":"NEXT - Silicon Saxony","isPartOf":{"@id":"https:\/\/dev.silicon-saxony.de\/en\/#website"},"datePublished":"2023-05-15T07:49:41+00:00","dateModified":"2024-01-25T10:55:25+00:00","description":"Silicon Saxony's monothematic and hybrid trade magazine NEXT offers insight into the technological topics of today and tomorrow.","breadcrumb":{"@id":"https:\/\/dev.silicon-saxony.de\/en\/news\/next\/#breadcrumb"},"inLanguage":"en-US","potentialAction":[{"@type":"ReadAction","target":["https:\/\/dev.silicon-saxony.de\/en\/news\/next\/"]}]},{"@type":"BreadcrumbList","@id":"https:\/\/dev.silicon-saxony.de\/en\/news\/next\/#breadcrumb","itemListElement":[{"@type":"ListItem","position":1,"name":"Home","item":"https:\/\/dev.silicon-saxony.de\/en\/"},{"@type":"ListItem","position":2,"name":"News","item":"https:\/\/dev.silicon-saxony.de\/en\/aktuelles\/"},{"@type":"ListItem","position":3,"name":"NEXT"}]},{"@type":"WebSite","@id":"https:\/\/dev.silicon-saxony.de\/en\/#website","url":"https:\/\/dev.silicon-saxony.de\/en\/","name":"Silicon Saxony","description":"Germany&#039;s Hightech Network - Semiconductors, Software, Robotics","potentialAction":[{"@type":"SearchAction","target":{"@type":"EntryPoint","urlTemplate":"https:\/\/dev.silicon-saxony.de\/en\/?s={search_term_string}"},"query-input":{"@type":"PropertyValueSpecification","valueRequired":true,"valueName":"search_term_string"}}],"inLanguage":"en-US"}]}},"_links":{"self":[{"href":"https:\/\/dev.silicon-saxony.de\/en\/wp-json\/wp\/v2\/pages\/29155","targetHints":{"allow":["GET"]}}],"collection":[{"href":"https:\/\/dev.silicon-saxony.de\/en\/wp-json\/wp\/v2\/pages"}],"about":[{"href":"https:\/\/dev.silicon-saxony.de\/en\/wp-json\/wp\/v2\/types\/page"}],"author":[{"embeddable":true,"href":"https:\/\/dev.silicon-saxony.de\/en\/wp-json\/wp\/v2\/users\/7"}],"replies":[{"embeddable":true,"href":"https:\/\/dev.silicon-saxony.de\/en\/wp-json\/wp\/v2\/comments?post=29155"}],"version-history":[{"count":11,"href":"https:\/\/dev.silicon-saxony.de\/en\/wp-json\/wp\/v2\/pages\/29155\/revisions"}],"predecessor-version":[{"id":94382,"href":"https:\/\/dev.silicon-saxony.de\/en\/wp-json\/wp\/v2\/pages\/29155\/revisions\/94382"}],"up":[{"embeddable":true,"href":"https:\/\/dev.silicon-saxony.de\/en\/wp-json\/wp\/v2\/pages\/10114"}],"wp:attachment":[{"href":"https:\/\/dev.silicon-saxony.de\/en\/wp-json\/wp\/v2\/media?parent=29155"}],"curies":[{"name":"wp","href":"https:\/\/api.w.org\/{rel}","templated":true}]}}